{"id":219,"date":"2025-10-02T18:55:59","date_gmt":"2025-10-02T21:55:59","guid":{"rendered":"https:\/\/dtfuvbrasil.com.br\/index\/?page_id=219"},"modified":"2025-10-27T20:39:28","modified_gmt":"2025-10-27T23:39:28","slug":"meu-carrinho","status":"publish","type":"page","link":"https:\/\/dtfuvbrasil.com.br\/index\/meu-carrinho\/","title":{"rendered":"Meu carrinho"},"content":{"rendered":"\t\t<div data-elementor-type=\"wp-page\" data-elementor-id=\"219\" class=\"elementor elementor-219\" data-elementor-post-type=\"page\">\n\t\t\t\t<div class=\"elementor-element elementor-element-073649f e-flex e-con-boxed e-con e-parent\" data-id=\"073649f\" data-element_type=\"container\">\n\t\t\t\t\t<div class=\"e-con-inner\">\n\t\t\t\t\t<\/div>\n\t\t\t\t<\/div>\n\t\t\t\t<\/div>\n\t\t","protected":false},"excerpt":{"rendered":"<p>Cliente correspondeu \u00e0 \u00e1rea &#8220;Brasil&#8221; &nbsp; Produto Pre\u00e7o Quantidade Subtotal &nbsp; IMPRESS\u00c3O DTF UV ADESIVO Material: DTF-UV Formato Folha: A4 28&#215;20 cm Acabamento: Com verniz Cores:<span class=\"excerpt-hellip\"> [\u2026]<\/span><\/p>\n","protected":false},"author":1,"featured_media":0,"parent":0,"menu_order":0,"comment_status":"closed","ping_status":"closed","template":"","meta":{"footnotes":""},"class_list":["post-219","page","type-page","status-publish","hentry"],"_links":{"self":[{"href":"https:\/\/dtfuvbrasil.com.br\/index\/wp-json\/wp\/v2\/pages\/219","targetHints":{"allow":["GET"]}}],"collection":[{"href":"https:\/\/dtfuvbrasil.com.br\/index\/wp-json\/wp\/v2\/pages"}],"about":[{"href":"https:\/\/dtfuvbrasil.com.br\/index\/wp-json\/wp\/v2\/types\/page"}],"author":[{"embeddable":true,"href":"https:\/\/dtfuvbrasil.com.br\/index\/wp-json\/wp\/v2\/users\/1"}],"replies":[{"embeddable":true,"href":"https:\/\/dtfuvbrasil.com.br\/index\/wp-json\/wp\/v2\/comments?post=219"}],"version-history":[{"count":10,"href":"https:\/\/dtfuvbrasil.com.br\/index\/wp-json\/wp\/v2\/pages\/219\/revisions"}],"predecessor-version":[{"id":234,"href":"https:\/\/dtfuvbrasil.com.br\/index\/wp-json\/wp\/v2\/pages\/219\/revisions\/234"}],"wp:attachment":[{"href":"https:\/\/dtfuvbrasil.com.br\/index\/wp-json\/wp\/v2\/media?parent=219"}],"curies":[{"name":"wp","href":"https:\/\/api.w.org\/{rel}","templated":true}]}}